{"id":1682,"date":"2015-11-02T11:06:46","date_gmt":"2015-11-02T10:06:46","guid":{"rendered":"http:\/\/idnu.ch\/wordpress\/?page_id=1682"},"modified":"2019-11-18T16:19:29","modified_gmt":"2019-11-18T15:19:29","slug":"impressum","status":"publish","type":"page","link":"https:\/\/idnu.ch\/wordpress\/impressum\/","title":{"rendered":"Impressum"},"content":{"rendered":"<div class=\"impressum\">\n<h2>Inhalte<\/h2>\n<p>S\u00e4mtliche Inhalte stammen, wenn nicht anders erw\u00e4hnt, vom Autor selber und basieren auf dessen eigenen Erfahrungen und Erlebnissen.<\/p>\n<h2>Kontaktadresse<\/h2>\n<p>Urs Kyburz<br \/>\nSchorenstrasse 31<br \/>\nCH-5734 Reinach<br \/>\n<a href=\"https:\/\/idnu.ch\/wordpress\/ueber-uns\/kontakt\/\">Kontakt<\/a><\/p>\n<h2>Haftungsausschluss<\/h2>\n<p>Der Autor \u00fcbernimmt keinerlei Gew\u00e4hr hinsichtlich der inhaltlichen Richtigkeit, Genauigkeit, Aktualit\u00e4t, Zuverl\u00e4ssigkeit und Vollst\u00e4ndigkeit der Informationen.<\/p>\n<p>Haftungsanspr\u00fcche gegen den Autor wegen Sch\u00e4den materieller oder immaterieller Art, welche aus dem Zugriff oder der Nutzung bzw. Nichtnutzung der ver\u00f6ffentlichten Informationen, durch Missbrauch der Verbindung oder durch technische St\u00f6rungen entstanden sind, werden ausgeschlossen.<\/p>\n<p>Alle Angebote sind unverbindlich. Der Autor beh\u00e4lt es sich ausdr\u00fccklich vor, Teile der Seiten oder das gesamte Angebot ohne gesonderte Ank\u00fcndigung zu ver\u00e4ndern, zu erg\u00e4nzen, zu l\u00f6schen oder die Ver\u00f6ffentlichung zeitweise oder endg\u00fcltig einzustellen.<\/p>\n<h2>Haftung f\u00fcr Links<\/h2>\n<p>Verweise und Links auf Webseiten Dritter liegen ausserhalb unseres Verantwortungsbereichs Es wird jegliche Verantwortung f\u00fcr solche Webseiten abgelehnt. Der Zugriff und die Nutzung solcher Webseiten erfolgen auf eigene Gefahr des Nutzers oder der Nutzerin.<\/p>\n<h2>Urheberrechte<\/h2>\n<p>Die Urheber- und alle anderen Rechte an Inhalten, Bildern, Fotos oder anderen Dateien auf der Website geh\u00f6ren ausschliesslich oder den speziell genannten Rechtsinhabern. F\u00fcr die Reproduktion jeglicher Elemente ist die schriftliche Zustimmung der Urheberrechtstr\u00e4ger im Voraus einzuholen.<\/p>\n<p style=\"visibility: hidden;\">\n<\/div>\n","protected":false},"excerpt":{"rendered":"<p>Inhalte S\u00e4mtliche Inhalte stammen, wenn nicht anders erw\u00e4hnt, vom Autor selber und basieren&#8230;<\/p>\n","protected":false},"author":2,"featured_media":0,"parent":0,"menu_order":0,"comment_status":"closed","ping_status":"closed","template":"","meta":{"_monsterinsights_skip_tracking":false,"_monsterinsights_sitenote_active":false,"_monsterinsights_sitenote_note":"","_monsterinsights_sitenote_category":0,"jetpack_post_was_ever_published":false,"footnotes":""},"tags":[],"class_list":["post-1682","page","type-page","status-publish","hentry"],"yoast_head":"<!-- This site is optimized with the Yoast SEO plugin v27.4 - https:\/\/yoast.com\/product\/yoast-seo-wordpress\/ -->\n<title>Impressum - In der Natur unterwegs<\/title>\n<meta name=\"robots\" content=\"index, follow, max-snippet:-1, max-image-preview:large, max-video-preview:-1\" \/>\n<link rel=\"canonical\" href=\"https:\/\/idnu.ch\/wordpress\/impressum\/\" \/>\n<meta property=\"og:locale\" content=\"de_DE\" \/>\n<meta property=\"og:type\" content=\"article\" \/>\n<meta property=\"og:title\" content=\"Impressum - In der Natur unterwegs\" \/>\n<meta property=\"og:description\" content=\"Inhalte S\u00e4mtliche Inhalte stammen, wenn nicht anders erw\u00e4hnt, vom Autor selber und basieren...\" \/>\n<meta property=\"og:url\" content=\"https:\/\/idnu.ch\/wordpress\/impressum\/\" \/>\n<meta property=\"og:site_name\" content=\"In der Natur unterwegs\" \/>\n<meta property=\"article:modified_time\" content=\"2019-11-18T15:19:29+00:00\" \/>\n<meta name=\"twitter:card\" content=\"summary_large_image\" \/>\n<meta name=\"twitter:site\" content=\"@idnu_ch\" \/>\n<meta name=\"twitter:label1\" content=\"Gesch\u00e4tzte Lesezeit\" \/>\n\t<meta name=\"twitter:data1\" content=\"1\u00a0Minute\" \/>\n<script type=\"application\/ld+json\" class=\"yoast-schema-graph\">{\"@context\":\"https:\\\/\\\/schema.org\",\"@graph\":[{\"@type\":\"WebPage\",\"@id\":\"https:\\\/\\\/idnu.ch\\\/wordpress\\\/impressum\\\/\",\"url\":\"https:\\\/\\\/idnu.ch\\\/wordpress\\\/impressum\\\/\",\"name\":\"Impressum - In der Natur unterwegs\",\"isPartOf\":{\"@id\":\"https:\\\/\\\/idnu.ch\\\/wordpress\\\/#website\"},\"datePublished\":\"2015-11-02T10:06:46+00:00\",\"dateModified\":\"2019-11-18T15:19:29+00:00\",\"breadcrumb\":{\"@id\":\"https:\\\/\\\/idnu.ch\\\/wordpress\\\/impressum\\\/#breadcrumb\"},\"inLanguage\":\"de\",\"potentialAction\":[{\"@type\":\"ReadAction\",\"target\":[\"https:\\\/\\\/idnu.ch\\\/wordpress\\\/impressum\\\/\"]}]},{\"@type\":\"BreadcrumbList\",\"@id\":\"https:\\\/\\\/idnu.ch\\\/wordpress\\\/impressum\\\/#breadcrumb\",\"itemListElement\":[{\"@type\":\"ListItem\",\"position\":1,\"name\":\"Startseite\",\"item\":\"https:\\\/\\\/idnu.ch\\\/wordpress\\\/\"},{\"@type\":\"ListItem\",\"position\":2,\"name\":\"Impressum\"}]},{\"@type\":\"WebSite\",\"@id\":\"https:\\\/\\\/idnu.ch\\\/wordpress\\\/#website\",\"url\":\"https:\\\/\\\/idnu.ch\\\/wordpress\\\/\",\"name\":\"In der Natur unterwegs\",\"description\":\"Dort, wo es am sch\u00f6nsten ist\",\"publisher\":{\"@id\":\"https:\\\/\\\/idnu.ch\\\/wordpress\\\/#\\\/schema\\\/person\\\/1ab8c5de743be7b019272124c19ad351\"},\"potentialAction\":[{\"@type\":\"SearchAction\",\"target\":{\"@type\":\"EntryPoint\",\"urlTemplate\":\"https:\\\/\\\/idnu.ch\\\/wordpress\\\/?s={search_term_string}\"},\"query-input\":{\"@type\":\"PropertyValueSpecification\",\"valueRequired\":true,\"valueName\":\"search_term_string\"}}],\"inLanguage\":\"de\"},{\"@type\":[\"Person\",\"Organization\"],\"@id\":\"https:\\\/\\\/idnu.ch\\\/wordpress\\\/#\\\/schema\\\/person\\\/1ab8c5de743be7b019272124c19ad351\",\"name\":\"Urs Kyburz\",\"image\":{\"@type\":\"ImageObject\",\"inLanguage\":\"de\",\"@id\":\"https:\\\/\\\/i0.wp.com\\\/idnu.ch\\\/wordpress\\\/wp-content\\\/uploads\\\/2016\\\/02\\\/logo_150x165.gif?fit=3151%2C3456&ssl=1\",\"url\":\"https:\\\/\\\/i0.wp.com\\\/idnu.ch\\\/wordpress\\\/wp-content\\\/uploads\\\/2016\\\/02\\\/logo_150x165.gif?fit=3151%2C3456&ssl=1\",\"contentUrl\":\"https:\\\/\\\/i0.wp.com\\\/idnu.ch\\\/wordpress\\\/wp-content\\\/uploads\\\/2016\\\/02\\\/logo_150x165.gif?fit=3151%2C3456&ssl=1\",\"width\":3151,\"height\":3456,\"caption\":\"Urs Kyburz\"},\"logo\":{\"@id\":\"https:\\\/\\\/i0.wp.com\\\/idnu.ch\\\/wordpress\\\/wp-content\\\/uploads\\\/2016\\\/02\\\/logo_150x165.gif?fit=3151%2C3456&ssl=1\"}}]}<\/script>\n<!-- \/ Yoast SEO plugin. -->","yoast_head_json":{"title":"Impressum - In der Natur unterwegs","robots":{"index":"index","follow":"follow","max-snippet":"max-snippet:-1","max-image-preview":"max-image-preview:large","max-video-preview":"max-video-preview:-1"},"canonical":"https:\/\/idnu.ch\/wordpress\/impressum\/","og_locale":"de_DE","og_type":"article","og_title":"Impressum - In der Natur unterwegs","og_description":"Inhalte S\u00e4mtliche Inhalte stammen, wenn nicht anders erw\u00e4hnt, vom Autor selber und basieren...","og_url":"https:\/\/idnu.ch\/wordpress\/impressum\/","og_site_name":"In der Natur unterwegs","article_modified_time":"2019-11-18T15:19:29+00:00","twitter_card":"summary_large_image","twitter_site":"@idnu_ch","twitter_misc":{"Gesch\u00e4tzte Lesezeit":"1\u00a0Minute"},"schema":{"@context":"https:\/\/schema.org","@graph":[{"@type":"WebPage","@id":"https:\/\/idnu.ch\/wordpress\/impressum\/","url":"https:\/\/idnu.ch\/wordpress\/impressum\/","name":"Impressum - In der Natur unterwegs","isPartOf":{"@id":"https:\/\/idnu.ch\/wordpress\/#website"},"datePublished":"2015-11-02T10:06:46+00:00","dateModified":"2019-11-18T15:19:29+00:00","breadcrumb":{"@id":"https:\/\/idnu.ch\/wordpress\/impressum\/#breadcrumb"},"inLanguage":"de","potentialAction":[{"@type":"ReadAction","target":["https:\/\/idnu.ch\/wordpress\/impressum\/"]}]},{"@type":"BreadcrumbList","@id":"https:\/\/idnu.ch\/wordpress\/impressum\/#breadcrumb","itemListElement":[{"@type":"ListItem","position":1,"name":"Startseite","item":"https:\/\/idnu.ch\/wordpress\/"},{"@type":"ListItem","position":2,"name":"Impressum"}]},{"@type":"WebSite","@id":"https:\/\/idnu.ch\/wordpress\/#website","url":"https:\/\/idnu.ch\/wordpress\/","name":"In der Natur unterwegs","description":"Dort, wo es am sch\u00f6nsten ist","publisher":{"@id":"https:\/\/idnu.ch\/wordpress\/#\/schema\/person\/1ab8c5de743be7b019272124c19ad351"},"potentialAction":[{"@type":"SearchAction","target":{"@type":"EntryPoint","urlTemplate":"https:\/\/idnu.ch\/wordpress\/?s={search_term_string}"},"query-input":{"@type":"PropertyValueSpecification","valueRequired":true,"valueName":"search_term_string"}}],"inLanguage":"de"},{"@type":["Person","Organization"],"@id":"https:\/\/idnu.ch\/wordpress\/#\/schema\/person\/1ab8c5de743be7b019272124c19ad351","name":"Urs Kyburz","image":{"@type":"ImageObject","inLanguage":"de","@id":"https:\/\/i0.wp.com\/idnu.ch\/wordpress\/wp-content\/uploads\/2016\/02\/logo_150x165.gif?fit=3151%2C3456&ssl=1","url":"https:\/\/i0.wp.com\/idnu.ch\/wordpress\/wp-content\/uploads\/2016\/02\/logo_150x165.gif?fit=3151%2C3456&ssl=1","contentUrl":"https:\/\/i0.wp.com\/idnu.ch\/wordpress\/wp-content\/uploads\/2016\/02\/logo_150x165.gif?fit=3151%2C3456&ssl=1","width":3151,"height":3456,"caption":"Urs Kyburz"},"logo":{"@id":"https:\/\/i0.wp.com\/idnu.ch\/wordpress\/wp-content\/uploads\/2016\/02\/logo_150x165.gif?fit=3151%2C3456&ssl=1"}}]}},"jetpack_sharing_enabled":true,"jetpack_shortlink":"https:\/\/wp.me\/P6MmGG-r8","jetpack-related-posts":[{"id":11485,"url":"https:\/\/idnu.ch\/wordpress\/ueber-uns\/datenschutzerklaerung\/","url_meta":{"origin":1682,"position":0},"title":"Datenschutzerkl\u00e4rung","author":"Urs Kyburz","date":"6. Januar 2019","format":false,"excerpt":"Wer sind wir? Die Adresse unserer Website lautet: https:\/\/in-der-natur-unterwegs.ch\/ Diese Webseite und deren Inhalt wird durch eine private Person ohne kommerzielle Interessen zur Verf\u00fcgung gestellt. Verantwortliche Stelle im Sinne der Datenschutzgesetze, insbesondere der EU-Datenschutzgrundverordnung (DSGVO), lautet: Urs Kyburz Schorenstrasse 31 5734 Reinach AG E-Mail: urs.kyburz@idnu.ch Webseite: https:\/\/in-der-natur-unterwegs.ch Allgemeiner Hinweis Gest\u00fctzt\u2026","rel":"","context":"In \"Datenschutzerkl\u00e4rung\"","block_context":{"text":"Datenschutzerkl\u00e4rung","link":"https:\/\/idnu.ch\/wordpress\/tag\/datenschutzerklaerung\/"},"img":{"alt_text":"","src":"","width":0,"height":0},"classes":[]},{"id":18214,"url":"https:\/\/idnu.ch\/wordpress\/buecher\/das-bergtourenbuch-fuer-familien\/","url_meta":{"origin":1682,"position":1},"title":"Das Bergtourenbuch f\u00fcr Familien","author":"Urs Kyburz","date":"1. Mai 2021","format":false,"excerpt":"Das Bergtourenbuch f\u00fcr Familien beschreibt 21 wunderbare Wanderungen in der Schweiz, von der kleinen Jurawanderung bis zum Dreitausender. Einleitung Berge faszinieren. Die meisten kennen sie aber nur von den Bergstationen der Bahnen her. Mit diesem F\u00fchrer haben Sie sich entschieden, etwas anderes zu wagen. Richtig hinein in die Bergwelt. Verlassen\u2026","rel":"","context":"\u00c4hnlicher Beitrag","block_context":{"text":"\u00c4hnlicher Beitrag","link":""},"img":{"alt_text":"","src":"https:\/\/i0.wp.com\/idnu.ch\/wordpress\/wp-content\/uploads\/2020\/02\/breccaschlund-4.jpg?fit=1200%2C800&ssl=1&resize=350%2C200","width":350,"height":200,"srcset":"https:\/\/i0.wp.com\/idnu.ch\/wordpress\/wp-content\/uploads\/2020\/02\/breccaschlund-4.jpg?fit=1200%2C800&ssl=1&resize=350%2C200 1x, https:\/\/i0.wp.com\/idnu.ch\/wordpress\/wp-content\/uploads\/2020\/02\/breccaschlund-4.jpg?fit=1200%2C800&ssl=1&resize=525%2C300 1.5x, https:\/\/i0.wp.com\/idnu.ch\/wordpress\/wp-content\/uploads\/2020\/02\/breccaschlund-4.jpg?fit=1200%2C800&ssl=1&resize=700%2C400 2x, https:\/\/i0.wp.com\/idnu.ch\/wordpress\/wp-content\/uploads\/2020\/02\/breccaschlund-4.jpg?fit=1200%2C800&ssl=1&resize=1050%2C600 3x"},"classes":[]},{"id":38,"url":"https:\/\/idnu.ch\/wordpress\/ueber-uns\/","url_meta":{"origin":1682,"position":2},"title":"\u00dcber uns","author":"Urs Kyburz","date":"2. November 2015","format":false,"excerpt":"Unsere Familie ist am liebsten in der Natur unterwegs: Als Wanderer, Biker, Kletterer, Skitourengeher, Bergsteiger, Naturbeobachter. Wir bereisen auf diese Art die ganze Schweiz und lieben es, immer wieder neue Gegenden zu entdecken. All diese Touren schweissen uns zusammen, wir sind ein Outdoor-Team. \u00a0(*1971) Seit den 90er Jahren bin ich\u2026","rel":"","context":"\u00c4hnlicher Beitrag","block_context":{"text":"\u00c4hnlicher Beitrag","link":""},"img":{"alt_text":"Urs Kyburz","src":"https:\/\/i0.wp.com\/idnu.ch\/wordpress\/wp-content\/uploads\/2015\/11\/urs-20171021-150x150.jpg?resize=350%2C200&ssl=1","width":350,"height":200},"classes":[]},{"id":13495,"url":"https:\/\/idnu.ch\/wordpress\/ueber-uns\/kontakt\/","url_meta":{"origin":1682,"position":3},"title":"Kontakt","author":"Urs Kyburz","date":"18. November 2019","format":false,"excerpt":"Du m\u00f6chtest uns etwas mitteilen? Etwas fragen? Etwas kaufen? Dann schreib uns, wir freuen uns \u00fcber jedes Feedback.","rel":"","context":"\u00c4hnlicher Beitrag","block_context":{"text":"\u00c4hnlicher Beitrag","link":""},"img":{"alt_text":"","src":"","width":0,"height":0},"classes":[]},{"id":55,"url":"https:\/\/idnu.ch\/wordpress\/buecher\/","url_meta":{"origin":1682,"position":4},"title":"B\u00fccher","author":"Urs Kyburz","date":"23. September 2015","format":false,"excerpt":"U. Kyburz Das Velobuch f\u00fcr Familien 14 Touren und informative Kapitel zu den Themen Velofahren mit Kindern vom Anh\u00e4nger zum eigenen Velo, Tourenplanung und einfachen Reparaturen. Touren: Einmal quer durch den Jura \u2013 Transjurane Eine Wochentour entlang dem Rhein \u201eDr sch\u00f6ne gr\u00fcene Aare na\u201c Im Vorgarten der Alpen: Menziken \u2013\u2026","rel":"","context":"\u00c4hnlicher Beitrag","block_context":{"text":"\u00c4hnlicher Beitrag","link":""},"img":{"alt_text":"Das Velobuch f\u00fcr Familien","src":"https:\/\/i0.wp.com\/idnu.ch\/wordpress\/wp-content\/uploads\/2017\/04\/205_600x600_DasVelobuchfrFamilien10_velobuch_2017_cover-215x300.jpg?resize=350%2C200&ssl=1","width":350,"height":200},"classes":[]}],"jetpack_likes_enabled":true,"_links":{"self":[{"href":"https:\/\/idnu.ch\/wordpress\/wp-json\/wp\/v2\/pages\/1682","targetHints":{"allow":["GET"]}}],"collection":[{"href":"https:\/\/idnu.ch\/wordpress\/wp-json\/wp\/v2\/pages"}],"about":[{"href":"https:\/\/idnu.ch\/wordpress\/wp-json\/wp\/v2\/types\/page"}],"author":[{"embeddable":true,"href":"https:\/\/idnu.ch\/wordpress\/wp-json\/wp\/v2\/users\/2"}],"replies":[{"embeddable":true,"href":"https:\/\/idnu.ch\/wordpress\/wp-json\/wp\/v2\/comments?post=1682"}],"version-history":[{"count":4,"href":"https:\/\/idnu.ch\/wordpress\/wp-json\/wp\/v2\/pages\/1682\/revisions"}],"predecessor-version":[{"id":13504,"href":"https:\/\/idnu.ch\/wordpress\/wp-json\/wp\/v2\/pages\/1682\/revisions\/13504"}],"wp:attachment":[{"href":"https:\/\/idnu.ch\/wordpress\/wp-json\/wp\/v2\/media?parent=1682"}],"wp:term":[{"taxonomy":"post_tag","embeddable":true,"href":"https:\/\/idnu.ch\/wordpress\/wp-json\/wp\/v2\/tags?post=1682"}],"curies":[{"name":"wp","href":"https:\/\/api.w.org\/{rel}","templated":true}]}}